{"id":14558,"date":"2023-07-27T12:03:34","date_gmt":"2023-07-27T10:03:34","guid":{"rendered":"https:\/\/moznostvolby.sk\/?page_id=14558"},"modified":"2024-07-17T15:26:29","modified_gmt":"2024-07-17T13:26:29","slug":"support-line","status":"publish","type":"page","link":"https:\/\/moznostvolby.sk\/en\/support-line\/","title":{"rendered":"Support line"},"content":{"rendered":"<div class=\"fusion-fullwidth fullwidth-box fusion-builder-row-1 fusion-flex-container has-pattern-background has-mask-background nonhundred-percent-fullwidth non-hundred-percent-height-scrolling\" style=\"--awb-border-radius-top-left:0px;--awb-border-radius-top-right:0px;--awb-border-radius-bottom-right:0px;--awb-border-radius-bottom-left:0px;--awb-flex-wrap:wrap;\" ><div class=\"fusion-builder-row fusion-row fusion-flex-align-items-flex-start fusion-flex-content-wrap\" style=\"max-width:1248px;margin-left: calc(-4% \/ 2 );margin-right: calc(-4% \/ 2 );\"><div class=\"fusion-layout-column fusion_builder_column fusion-builder-column-0 fusion_builder_column_1_1 1_1 fusion-flex-column\" style=\"--awb-bg-size:cover;--awb-width-large:100%;--awb-margin-top-large:0px;--awb-spacing-right-large:1.92%;--awb-margin-bottom-large:20px;--awb-spacing-left-large:1.92%;--awb-width-medium:100%;--awb-order-medium:0;--awb-spacing-right-medium:1.92%;--awb-spacing-left-medium:1.92%;--awb-width-small:100%;--awb-order-small:0;--awb-spacing-right-small:1.92%;--awb-spacing-left-small:1.92%;\" data-scroll-devices=\"small-visibility,medium-visibility,large-visibility\"><div class=\"fusion-column-wrapper fusion-column-has-shadow fusion-flex-justify-content-center fusion-content-layout-column\"><div class=\"fusion-title title fusion-title-1 fusion-sep-none fusion-title-text fusion-title-size-two\" style=\"--awb-margin-top:0px;--awb-margin-top-small:10px;--awb-margin-right-small:0px;--awb-margin-bottom-small:10px;--awb-margin-left-small:0px;\"><h2 class=\"fusion-title-heading title-heading-left fusion-responsive-typography-calculated\" style=\"margin:0;--fontSize:48;line-height:var(--awb-typography1-line-height);\">You have the right to a safe abortion<\/h2><\/div><div class=\"fusion-text fusion-text-1\"><p>You have the right to decide freely if and when you have children. This also includes the right to access abortion in a timely, barrier-free and respectful<br \/>\nmanner. No one may harm you or put you under any pressure. You are the one who knows best what to do and what your life circumstances are. However, women in Slovakia face many obstacles in accessing abortion care.<\/p>\n<\/div><\/div><\/div><div class=\"fusion-layout-column fusion_builder_column fusion-builder-column-1 fusion_builder_column_1_1 1_1 fusion-flex-column\" style=\"--awb-bg-position:right center;--awb-bg-size:contain;--awb-width-large:100%;--awb-margin-top-large:0px;--awb-spacing-right-large:1.92%;--awb-margin-bottom-large:50px;--awb-spacing-left-large:1.92%;--awb-width-medium:100%;--awb-order-medium:0;--awb-spacing-right-medium:1.92%;--awb-spacing-left-medium:1.92%;--awb-width-small:100%;--awb-order-small:0;--awb-spacing-right-small:1.92%;--awb-spacing-left-small:1.92%;\" data-scroll-devices=\"small-visibility,medium-visibility,large-visibility\"><div class=\"fusion-column-wrapper fusion-column-has-shadow fusion-flex-justify-content-flex-start fusion-content-layout-column\"><div class=\"fusion-builder-row fusion-builder-row-inner fusion-row fusion-flex-align-items-flex-start fusion-flex-content-wrap\" style=\"--awb-flex-grow:0;--awb-flex-grow-medium:0;--awb-flex-grow-small:0;--awb-flex-shrink:0;--awb-flex-shrink-medium:0;--awb-flex-shrink-small:0;width:104% !important;max-width:104% !important;margin-left: calc(-4% \/ 2 );margin-right: calc(-4% \/ 2 );\"><div class=\"fusion-layout-column fusion_builder_column_inner fusion-builder-nested-column-0 fusion_builder_column_inner_1_2 1_2 fusion-flex-column fusion-flex-align-self-center\" style=\"--awb-padding-top:40px;--awb-padding-right:40px;--awb-padding-bottom:20px;--awb-padding-left:40px;--awb-bg-color:#f7f7f7;--awb-bg-color-hover:#f7f7f7;--awb-bg-size:cover;--awb-width-large:50%;--awb-margin-top-large:0px;--awb-spacing-right-large:3.84%;--awb-margin-bottom-large:0px;--awb-spacing-left-large:3.84%;--awb-width-medium:50%;--awb-order-medium:0;--awb-spacing-right-medium:3.84%;--awb-spacing-left-medium:3.84%;--awb-width-small:100%;--awb-order-small:0;--awb-spacing-right-small:1.92%;--awb-spacing-left-small:1.92%;\" data-scroll-devices=\"small-visibility,medium-visibility,large-visibility\"><div class=\"fusion-column-wrapper fusion-column-has-shadow fusion-flex-justify-content-space-between fusion-content-layout-column\"><div class=\"fusion-text fusion-text-2\" style=\"--awb-text-color:#000000;\"><p><strong>If you need information or advice on reproductive health, particularly on the provision of safe abortion, please contact us.<\/strong><\/p>\n<\/div><\/div><\/div><div class=\"fusion-layout-column fusion_builder_column_inner fusion-builder-nested-column-1 fusion_builder_column_inner_1_2 1_2 fusion-flex-column fusion-flex-align-self-center\" style=\"--awb-bg-size:cover;--awb-width-large:50%;--awb-margin-top-large:0px;--awb-spacing-right-large:3.84%;--awb-margin-bottom-large:20px;--awb-spacing-left-large:3.84%;--awb-width-medium:50%;--awb-order-medium:0;--awb-spacing-right-medium:3.84%;--awb-spacing-left-medium:3.84%;--awb-width-small:100%;--awb-order-small:0;--awb-spacing-right-small:1.92%;--awb-spacing-left-small:1.92%;\" data-scroll-devices=\"small-visibility,medium-visibility,large-visibility\"><div class=\"fusion-column-wrapper fusion-column-has-shadow fusion-flex-justify-content-space-between fusion-content-layout-column\"><div class=\"fusion-text fusion-text-3 fusion-text-no-margin\" style=\"--awb-margin-bottom:0px;\"><p>It is important to us that you are not under any pressure or take any unnecessary risks. Your health is important to us.<\/p>\n<\/div><\/div><\/div><\/div><div class=\"fusion-builder-row fusion-builder-row-inner fusion-row fusion-flex-align-items-flex-start fusion-flex-content-wrap\" style=\"--awb-flex-grow:0;--awb-flex-grow-medium:0;--awb-flex-grow-small:0;--awb-flex-shrink:0;--awb-flex-shrink-medium:0;--awb-flex-shrink-small:0;width:104% !important;max-width:104% !important;margin-left: calc(-4% \/ 2 );margin-right: calc(-4% \/ 2 );\"><div class=\"fusion-layout-column fusion_builder_column_inner fusion-builder-nested-column-2 fusion_builder_column_inner_1_2 1_2 fusion-flex-column fusion-flex-align-self-center\" style=\"--awb-padding-top:40px;--awb-padding-right:40px;--awb-padding-bottom:20px;--awb-padding-left:40px;--awb-bg-color:#f7f7f7;--awb-bg-color-hover:#f7f7f7;--awb-bg-image:url(&#039;https:\/\/moznostvolby.sk\/wp-content\/uploads\/interrupcie\/BG_farebny_prechod_1800x1300.jpg&#039;);--awb-bg-position:center center;--awb-bg-size:cover;--awb-width-large:50%;--awb-margin-top-large:0px;--awb-spacing-right-large:3.84%;--awb-margin-bottom-large:0px;--awb-spacing-left-large:3.84%;--awb-width-medium:50%;--awb-order-medium:0;--awb-spacing-right-medium:3.84%;--awb-spacing-left-medium:3.84%;--awb-width-small:100%;--awb-order-small:0;--awb-spacing-right-small:1.92%;--awb-spacing-left-small:1.92%;\" data-scroll-devices=\"small-visibility,medium-visibility,large-visibility\"><div class=\"fusion-column-wrapper fusion-column-has-shadow fusion-flex-justify-content-space-between fusion-content-layout-column fusion-column-has-bg-image\" data-bg-url=\"https:\/\/moznostvolby.sk\/wp-content\/uploads\/interrupcie\/BG_farebny_prechod_1800x1300.jpg\"><div class=\"fusion-text fusion-text-4\" style=\"--awb-text-color:#ffffff;\"><p><strong>Call us<\/strong><\/p>\n<p><strong style=\"background-color: black; color: white;\">\u00a0+421 910 350 444\u00a0<\/strong><\/p>\n<p><strong>or send an e-mail<\/strong><\/p>\n<p><strong style=\"background-color: black; color: white;\">\u00a0<a style=\"color: white; text-decoration: none;\" href=\"mailto:support@moznostvolby.sk\">support@moznostvolby.sk<\/a>\u00a0<\/strong><\/p>\n<\/div><\/div><\/div><div class=\"fusion-layout-column fusion_builder_column_inner fusion-builder-nested-column-3 fusion_builder_column_inner_1_2 1_2 fusion-flex-column fusion-flex-align-self-center\" style=\"--awb-bg-size:cover;--awb-width-large:50%;--awb-margin-top-large:0px;--awb-spacing-right-large:3.84%;--awb-margin-bottom-large:20px;--awb-spacing-left-large:3.84%;--awb-width-medium:50%;--awb-order-medium:0;--awb-spacing-right-medium:3.84%;--awb-spacing-left-medium:3.84%;--awb-width-small:100%;--awb-order-small:0;--awb-spacing-right-small:1.92%;--awb-spacing-left-small:1.92%;\" data-scroll-devices=\"small-visibility,medium-visibility,large-visibility\"><div class=\"fusion-column-wrapper fusion-column-has-shadow fusion-flex-justify-content-space-between fusion-content-layout-column\"><div class=\"fusion-text fusion-text-5 fusion-text-no-margin\" style=\"--awb-margin-bottom:0px;\"><p><strong>Operating hours:<\/strong><\/p>\n<p>Monday 12:00 to 18:00<br \/>\nTuesady 12:00 to 18:00<br \/>\nWednesday 12:00 to 18:00<br \/>\nThursday 09:00 to 15:00<\/p>\n<\/div><\/div><\/div><\/div><\/div><\/div><div class=\"fusion-layout-column fusion_builder_column fusion-builder-column-2 fusion_builder_column_1_1 1_1 fusion-flex-column\" style=\"--awb-padding-bottom:80px;--awb-bg-size:cover;--awb-width-large:100%;--awb-margin-top-large:0px;--awb-spacing-right-large:1.92%;--awb-margin-bottom-large:20px;--awb-spacing-left-large:1.92%;--awb-width-medium:100%;--awb-spacing-right-medium:1.92%;--awb-spacing-left-medium:1.92%;--awb-width-small:100%;--awb-spacing-right-small:1.92%;--awb-spacing-left-small:1.92%;\"><div class=\"fusion-column-wrapper fusion-column-has-shadow fusion-flex-justify-content-center fusion-content-layout-column\"><div class=\"fusion-title title fusion-title-2 fusion-sep-none fusion-title-text fusion-title-size-two\" style=\"--awb-margin-top-small:10px;--awb-margin-right-small:0px;--awb-margin-bottom-small:10px;--awb-margin-left-small:0px;\"><h2 class=\"fusion-title-heading title-heading-left fusion-responsive-typography-calculated\" style=\"margin:0;--fontSize:48;line-height:var(--awb-typography1-line-height);\">What do we offer?<\/h2><\/div><div class=\"fusion-text fusion-text-6\"><ul>\n<li>information on abortion, methods and legal conditions of its provision<\/li>\n<li>contact details of health facilities that provide abortion care, support in communicating with them and, if necessary, proxy direct communication<\/li>\n<li>supportive, confidential and caring counselling (we trust the callers and support them in their own decisions)<\/li>\n<li>provision of further contacts, referral to other institutions in order to solve the situation<\/li>\n<li>support in crisis, stabilisation; we can accompany you via telephone and assist you in crisis situations<\/li>\n<li>advice on options of financing abortions<\/li>\n<\/ul>\n<p>Counselling is provided in Slovak and English, with interpretation into Ukrainian if necessary.<\/p>\n<\/div><\/div><\/div><\/div><\/div>\n","protected":false},"excerpt":{"rendered":"","protected":false},"author":1,"featured_media":0,"parent":0,"menu_order":0,"comment_status":"closed","ping_status":"closed","template":"100-width.php","meta":{"footnotes":""},"class_list":["post-14558","page","type-page","status-publish","hentry"],"yoast_head":"<!-- This site is optimized with the Yoast SEO plugin v27.4 - https:\/\/yoast.com\/product\/yoast-seo-wordpress\/ -->\n<title>Support line - Mo\u017enos\u0165 vo\u013eby<\/title>\n<meta name=\"robots\" content=\"index, follow, max-snippet:-1, max-image-preview:large, max-video-preview:-1\" \/>\n<link rel=\"canonical\" href=\"https:\/\/moznostvolby.sk\/en\/support-line\/\" \/>\n<meta property=\"og:locale\" content=\"en_US\" \/>\n<meta property=\"og:type\" content=\"article\" \/>\n<meta property=\"og:title\" content=\"Support line - Mo\u017enos\u0165 vo\u013eby\" \/>\n<meta property=\"og:url\" content=\"https:\/\/moznostvolby.sk\/en\/support-line\/\" \/>\n<meta property=\"og:site_name\" content=\"Mo\u017enos\u0165 vo\u013eby\" \/>\n<meta property=\"article:modified_time\" content=\"2024-07-17T13:26:29+00:00\" \/>\n<meta name=\"twitter:card\" content=\"summary_large_image\" \/>\n<meta name=\"twitter:label1\" content=\"Est. reading time\" \/>\n\t<meta name=\"twitter:data1\" content=\"2 minutes\" \/>\n<script type=\"application\/ld+json\" class=\"yoast-schema-graph\">{\"@context\":\"https:\\\/\\\/schema.org\",\"@graph\":[{\"@type\":\"WebPage\",\"@id\":\"https:\\\/\\\/moznostvolby.sk\\\/en\\\/support-line\\\/\",\"url\":\"https:\\\/\\\/moznostvolby.sk\\\/en\\\/support-line\\\/\",\"name\":\"Support line - Mo\u017enos\u0165 vo\u013eby\",\"isPartOf\":{\"@id\":\"https:\\\/\\\/moznostvolby.sk\\\/en\\\/#website\"},\"datePublished\":\"2023-07-27T10:03:34+00:00\",\"dateModified\":\"2024-07-17T13:26:29+00:00\",\"breadcrumb\":{\"@id\":\"https:\\\/\\\/moznostvolby.sk\\\/en\\\/support-line\\\/#breadcrumb\"},\"inLanguage\":\"en-US\",\"potentialAction\":[{\"@type\":\"ReadAction\",\"target\":[\"https:\\\/\\\/moznostvolby.sk\\\/en\\\/support-line\\\/\"]}]},{\"@type\":\"BreadcrumbList\",\"@id\":\"https:\\\/\\\/moznostvolby.sk\\\/en\\\/support-line\\\/#breadcrumb\",\"itemListElement\":[{\"@type\":\"ListItem\",\"position\":1,\"name\":\"Home\",\"item\":\"https:\\\/\\\/moznostvolby.sk\\\/en\\\/\"},{\"@type\":\"ListItem\",\"position\":2,\"name\":\"Support line\"}]},{\"@type\":\"WebSite\",\"@id\":\"https:\\\/\\\/moznostvolby.sk\\\/en\\\/#website\",\"url\":\"https:\\\/\\\/moznostvolby.sk\\\/en\\\/\",\"name\":\"Mo\u017enos\u0165 vo\u013eby\",\"description\":\"\u013dudsk\u00e9 pr\u00e1va \u017eien, feminizmus a rodov\u00e1 rovnos\u0165\",\"potentialAction\":[{\"@type\":\"SearchAction\",\"target\":{\"@type\":\"EntryPoint\",\"urlTemplate\":\"https:\\\/\\\/moznostvolby.sk\\\/en\\\/?s={search_term_string}\"},\"query-input\":{\"@type\":\"PropertyValueSpecification\",\"valueRequired\":true,\"valueName\":\"search_term_string\"}}],\"inLanguage\":\"en-US\"}]}<\/script>\n<!-- \/ Yoast SEO plugin. -->","yoast_head_json":{"title":"Support line - Mo\u017enos\u0165 vo\u013eby","robots":{"index":"index","follow":"follow","max-snippet":"max-snippet:-1","max-image-preview":"max-image-preview:large","max-video-preview":"max-video-preview:-1"},"canonical":"https:\/\/moznostvolby.sk\/en\/support-line\/","og_locale":"en_US","og_type":"article","og_title":"Support line - Mo\u017enos\u0165 vo\u013eby","og_url":"https:\/\/moznostvolby.sk\/en\/support-line\/","og_site_name":"Mo\u017enos\u0165 vo\u013eby","article_modified_time":"2024-07-17T13:26:29+00:00","twitter_card":"summary_large_image","twitter_misc":{"Est. reading time":"2 minutes"},"schema":{"@context":"https:\/\/schema.org","@graph":[{"@type":"WebPage","@id":"https:\/\/moznostvolby.sk\/en\/support-line\/","url":"https:\/\/moznostvolby.sk\/en\/support-line\/","name":"Support line - Mo\u017enos\u0165 vo\u013eby","isPartOf":{"@id":"https:\/\/moznostvolby.sk\/en\/#website"},"datePublished":"2023-07-27T10:03:34+00:00","dateModified":"2024-07-17T13:26:29+00:00","breadcrumb":{"@id":"https:\/\/moznostvolby.sk\/en\/support-line\/#breadcrumb"},"inLanguage":"en-US","potentialAction":[{"@type":"ReadAction","target":["https:\/\/moznostvolby.sk\/en\/support-line\/"]}]},{"@type":"BreadcrumbList","@id":"https:\/\/moznostvolby.sk\/en\/support-line\/#breadcrumb","itemListElement":[{"@type":"ListItem","position":1,"name":"Home","item":"https:\/\/moznostvolby.sk\/en\/"},{"@type":"ListItem","position":2,"name":"Support line"}]},{"@type":"WebSite","@id":"https:\/\/moznostvolby.sk\/en\/#website","url":"https:\/\/moznostvolby.sk\/en\/","name":"Mo\u017enos\u0165 vo\u013eby","description":"\u013dudsk\u00e9 pr\u00e1va \u017eien, feminizmus a rodov\u00e1 rovnos\u0165","potentialAction":[{"@type":"SearchAction","target":{"@type":"EntryPoint","urlTemplate":"https:\/\/moznostvolby.sk\/en\/?s={search_term_string}"},"query-input":{"@type":"PropertyValueSpecification","valueRequired":true,"valueName":"search_term_string"}}],"inLanguage":"en-US"}]}},"_links":{"self":[{"href":"https:\/\/moznostvolby.sk\/en\/wp-json\/wp\/v2\/pages\/14558","targetHints":{"allow":["GET"]}}],"collection":[{"href":"https:\/\/moznostvolby.sk\/en\/wp-json\/wp\/v2\/pages"}],"about":[{"href":"https:\/\/moznostvolby.sk\/en\/wp-json\/wp\/v2\/types\/page"}],"author":[{"embeddable":true,"href":"https:\/\/moznostvolby.sk\/en\/wp-json\/wp\/v2\/users\/1"}],"replies":[{"embeddable":true,"href":"https:\/\/moznostvolby.sk\/en\/wp-json\/wp\/v2\/comments?post=14558"}],"version-history":[{"count":6,"href":"https:\/\/moznostvolby.sk\/en\/wp-json\/wp\/v2\/pages\/14558\/revisions"}],"predecessor-version":[{"id":14581,"href":"https:\/\/moznostvolby.sk\/en\/wp-json\/wp\/v2\/pages\/14558\/revisions\/14581"}],"wp:attachment":[{"href":"https:\/\/moznostvolby.sk\/en\/wp-json\/wp\/v2\/media?parent=14558"}],"curies":[{"name":"wp","href":"https:\/\/api.w.org\/{rel}","templated":true}]}}